{"id":301,"date":"2017-05-03T11:51:57","date_gmt":"2017-05-03T11:51:57","guid":{"rendered":"http:\/\/www.markt-verein.de\/wordpress\/?page_id=301"},"modified":"2017-05-03T11:51:57","modified_gmt":"2017-05-03T11:51:57","slug":"wini-bueromoebel","status":"publish","type":"page","link":"https:\/\/www.markt-verein.de\/wordpress\/wini-bueromoebel","title":{"rendered":"Wini B\u00fcrom\u00f6bel"},"content":{"rendered":"<p><span style=\"font-family: Tahoma;\"><strong>Wini B\u00fcrom\u00f6bel<br \/>\n<\/strong><\/span>Georg Schmidt GmbH &amp; Co KG<br \/>\nAuhagenstra\u00dfe 79<br \/>\n31863 Coppenbr\u00fcgge \/ Marienau<br \/>\n05156 979104 <a href=\"http:\/\/www.wini.de\/\" target=\"_blank\"><br \/>\n<u><span style=\"color: #0066cc; font-family: Tahoma; font-size: small;\">www.wini.de<\/span><\/u><\/a><br \/>\n<iframe loading=\"lazy\" src=\"https:\/\/www.google.com\/maps\/embed?pb=!1m18!1m12!1m3!1d2450.5750746219332!2d9.571987951507864!3d52.105664579638464!2m3!1f0!2f0!3f0!3m2!1i1024!2i768!4f13.1!3m3!1m2!1s0x47ba97192ad4dfed%3A0xe78c2f0a35d46029!2sAuhagenstra%C3%9Fe+79%2C+31863+Coppenbr%C3%BCgge!5e0!3m2!1sde!2sde!4v1493812308527\" width=\"400\" height=\"300\" frameborder=\"0\" style=\"border:0\" allowfullscreen><\/iframe><\/p>\n","protected":false},"excerpt":{"rendered":"<p>Wini B\u00fcrom\u00f6bel Georg Schmidt GmbH &amp; Co KG Auhagenstra\u00dfe 79 31863 Coppenbr\u00fcgge \/ Marienau 05156 979104 www.wini.de<\/p>\n","protected":false},"author":1,"featured_media":0,"parent":0,"menu_order":0,"comment_status":"closed","ping_status":"closed","template":"","meta":{"footnotes":""},"class_list":["post-301","page","type-page","status-publish","hentry"],"_links":{"self":[{"href":"https:\/\/www.markt-verein.de\/wordpress\/wp-json\/wp\/v2\/pages\/301","targetHints":{"allow":["GET"]}}],"collection":[{"href":"https:\/\/www.markt-verein.de\/wordpress\/wp-json\/wp\/v2\/pages"}],"about":[{"href":"https:\/\/www.markt-verein.de\/wordpress\/wp-json\/wp\/v2\/types\/page"}],"author":[{"embeddable":true,"href":"https:\/\/www.markt-verein.de\/wordpress\/wp-json\/wp\/v2\/users\/1"}],"replies":[{"embeddable":true,"href":"https:\/\/www.markt-verein.de\/wordpress\/wp-json\/wp\/v2\/comments?post=301"}],"version-history":[{"count":1,"href":"https:\/\/www.markt-verein.de\/wordpress\/wp-json\/wp\/v2\/pages\/301\/revisions"}],"predecessor-version":[{"id":302,"href":"https:\/\/www.markt-verein.de\/wordpress\/wp-json\/wp\/v2\/pages\/301\/revisions\/302"}],"wp:attachment":[{"href":"https:\/\/www.markt-verein.de\/wordpress\/wp-json\/wp\/v2\/media?parent=301"}],"curies":[{"name":"wp","href":"https:\/\/api.w.org\/{rel}","templated":true}]}}