{"id":217,"date":"2017-05-03T11:00:05","date_gmt":"2017-05-03T11:00:05","guid":{"rendered":"http:\/\/www.markt-verein.de\/wordpress\/?page_id=217"},"modified":"2017-05-03T11:00:11","modified_gmt":"2017-05-03T11:00:11","slug":"sparkasse-weserbergland","status":"publish","type":"page","link":"https:\/\/www.markt-verein.de\/wordpress\/sparkasse-weserbergland","title":{"rendered":"Sparkasse Weserbergland"},"content":{"rendered":"<p><span style=\"font-family: Tahoma;\"><strong>Sparkasse Weserbergland<br \/>\n<\/strong><\/span>Herr Georgi<br \/>\nSchlo\u00dfstra\u00dfe 28<br \/>\n31863 Coppenbr\u00fcgge<br \/>\n05156 8055<\/p>\n<p><iframe loading=\"lazy\" style=\"border: 0px currentColor;\" src=\"https:\/\/www.google.com\/maps\/embed?pb=!1m18!1m12!1m3!1d2449.853819660604!2d9.543340451508303!3d52.118788479640855!2m3!1f0!2f0!3f0!3m2!1i1024!2i768!4f13.1!3m3!1m2!1s0x47ba90cb57bffca5%3A0xfc03277bd363889a!2zU2NobG_Dn3N0cmHDn2UgMjgsIDMxODYzIENvcHBlbmJyw7xnZ2U!5e0!3m2!1sde!2sde!4v1493809193022\" width=\"400\" height=\"300\" frameborder=\"0\" allowfullscreen=\"allowfullscreen\"><\/iframe><\/p>\n","protected":false},"excerpt":{"rendered":"<p>Sparkasse Weserbergland Herr Georgi Schlo\u00dfstra\u00dfe 28 31863 Coppenbr\u00fcgge 05156 8055<\/p>\n","protected":false},"author":1,"featured_media":0,"parent":0,"menu_order":0,"comment_status":"closed","ping_status":"closed","template":"","meta":{"footnotes":""},"class_list":["post-217","page","type-page","status-publish","hentry"],"_links":{"self":[{"href":"https:\/\/www.markt-verein.de\/wordpress\/wp-json\/wp\/v2\/pages\/217","targetHints":{"allow":["GET"]}}],"collection":[{"href":"https:\/\/www.markt-verein.de\/wordpress\/wp-json\/wp\/v2\/pages"}],"about":[{"href":"https:\/\/www.markt-verein.de\/wordpress\/wp-json\/wp\/v2\/types\/page"}],"author":[{"embeddable":true,"href":"https:\/\/www.markt-verein.de\/wordpress\/wp-json\/wp\/v2\/users\/1"}],"replies":[{"embeddable":true,"href":"https:\/\/www.markt-verein.de\/wordpress\/wp-json\/wp\/v2\/comments?post=217"}],"version-history":[{"count":2,"href":"https:\/\/www.markt-verein.de\/wordpress\/wp-json\/wp\/v2\/pages\/217\/revisions"}],"predecessor-version":[{"id":219,"href":"https:\/\/www.markt-verein.de\/wordpress\/wp-json\/wp\/v2\/pages\/217\/revisions\/219"}],"wp:attachment":[{"href":"https:\/\/www.markt-verein.de\/wordpress\/wp-json\/wp\/v2\/media?parent=217"}],"curies":[{"name":"wp","href":"https:\/\/api.w.org\/{rel}","templated":true}]}}